{"id":5800,"date":"2016-11-10T20:29:08","date_gmt":"2016-11-10T20:29:08","guid":{"rendered":"http:\/\/churchwp.themeslr.com\/?page_id=5800"},"modified":"2025-07-12T21:15:56","modified_gmt":"2025-07-13T00:15:56","slug":"nosso-bispo-primaz","status":"publish","type":"page","link":"https:\/\/iearob.com.br\/index.php\/nosso-bispo-primaz\/","title":{"rendered":"Nosso Bispo Primaz"},"content":{"rendered":"\t\t<div data-elementor-type=\"wp-page\" data-elementor-id=\"5800\" class=\"elementor elementor-5800\" data-elementor-post-type=\"page\">\n\t\t\t\t<div class=\"elementor-element elementor-element-22a050ea e-flex e-con-boxed e-con e-parent\" data-id=\"22a050ea\" data-element_type=\"container\">\n\t\t\t\t\t<div class=\"e-con-inner\">\n\t\t\t\t<div class=\"elementor-element elementor-element-59a78540 elementor-widget elementor-widget-heading\" data-id=\"59a78540\" data-element_type=\"widget\" data-widget_type=\"heading.default\">\n\t\t\t\t\t<h2 class=\"elementor-heading-title elementor-size-default\">Nosso Bispo Primaz<\/h2>\t\t\t\t<\/div>\n\t\t\t\t\t<\/div>\n\t\t\t\t<\/div>\n\t\t<div class=\"elementor-element elementor-element-3d49071 e-flex e-con-boxed e-con e-parent\" data-id=\"3d49071\" data-element_type=\"container\">\n\t\t\t\t\t<div class=\"e-con-inner\">\n\t\t<div class=\"elementor-element elementor-element-a40ee64 e-con-full e-flex e-con e-child\" data-id=\"a40ee64\" data-element_type=\"container\">\n\t\t\t\t<div class=\"elementor-element elementor-element-826d742 elementor-widget__width-inherit elementor-widget elementor-widget-image\" data-id=\"826d742\" data-element_type=\"widget\" data-widget_type=\"image.default\">\n\t\t\t\t\t\t\t\t\t\t\t\t\t\t\t<img fetchpriority=\"high\" decoding=\"async\" width=\"720\" height=\"540\" src=\"https:\/\/iearob.com.br\/wp-content\/uploads\/2025\/07\/menor_2.jpg\" class=\"attachment-large size-large wp-image-7116\" alt=\"\" srcset=\"https:\/\/iearob.com.br\/wp-content\/uploads\/2025\/07\/menor_2.jpg 720w, https:\/\/iearob.com.br\/wp-content\/uploads\/2025\/07\/menor_2-300x225.jpg 300w\" sizes=\"(max-width: 720px) 100vw, 720px\" \/>\t\t\t\t\t\t\t\t\t\t\t\t\t\t\t<\/div>\n\t\t\t\t<\/div>\n\t\t<div class=\"elementor-element elementor-element-2f79a76 e-con-full e-flex e-con e-child\" data-id=\"2f79a76\" data-element_type=\"container\">\n\t\t\t\t<div class=\"elementor-element elementor-element-5a73c2b elementor-widget elementor-widget-heading\" data-id=\"5a73c2b\" data-element_type=\"widget\" data-widget_type=\"heading.default\">\n\t\t\t\t\t<h2 class=\"elementor-heading-title elementor-size-default\">Trajet\u00f3ria Eclesi\u00e1stica<\/h2>\t\t\t\t<\/div>\n\t\t\t\t<div class=\"elementor-element elementor-element-31bebbb elementor-widget elementor-widget-text-editor\" data-id=\"31bebbb\" data-element_type=\"widget\" data-widget_type=\"text-editor.default\">\n\t\t\t\t\t\t\t\t\t<p>Reverendissimo Dom Irineu Policarpo<br \/>Bispo Primaz++<br \/>(REV. Monsenhor DOM \u00cdTALU BRUNO COLARES DE OLIVEIRA).<br \/>O mesmo se dedicou ao estudo das Sagradas Escirturas desde seus 16 anos de idade. J\u00e1 praticava o Evangelismo.<br \/>O mesmo foi diacono ordenado pela Igreja Ortodoxa Grega. Quando Diacono foi nomeado Capel\u00e3o na capelania Mission\u00e1ria de Bras\u00edlia pela Ordem S\u00e3o Thiago Ap\u00f3stolo (Tradi\u00e7\u00e3o Ortodoxa Oriental), por essa mesma ordem foi eleito Presbitero (padre).<br \/>Foi ordenado a diacono pela Igreja Ortodoxa Grega adepta do Antigo Calend\u00e1rio. Posteriormente sua ordena\u00e7\u00e3o diaconal foi confirmada sendo novamente ordenado a diacono pela<br \/>The Anglican Idependent Communion Worldwide. Por essa mesma recebeu sua licen\u00e7a diaconal.<br \/>Posteriormente foi incardinado a Igreja Episcopal Tradicional de Rito Anglicano. Pela mesma recebeu a autoriza\u00e7\u00e3o Celebrat.<br \/>Foi Ordenado a Presbitero (Padre) pela Igreja Episcopal Tradicional de Rito Anglicano.<br \/>O exarcado Patriarcal Apost\u00f3lico da Igreja Ortodoxa da Europa no Brasil elegeu Italu Bruno Colares de Oliveira ao Episcopado.<br \/>Foi sagrado Bispo com sucess\u00e3o Apost\u00f3lica Plena desde de 1566. Sagrado por Dom Lucas Macieira da Silva (Dom Iranildo Macieira da Silva) e Monsenhor Dom Crisostomo no dia 15 de Mar\u00e7o de 2014 em Bras\u00edlia-DF \u2013 Brasil.<br \/>Com o nome religioso de Irineu Policarpo, Mons. Dom \u00cdtalu Bruno Colares de Oliveira foi Sagrado Bispo Anglicano pela Igreja Episcopal Latina do Brasil \u2013 IELB (RITO ANGLICANO CAT\u00d3LICO) com sucess\u00e3o apost\u00f3lica plena reconhecido pelo Decreto do Papa Bento XVI ANGLICANORUM COETIBUS, dado em Roma, junto de S\u00e3o Pedro, 4 de Novembro de 2009, Mem\u00f3ria de S\u00e3o Carlos Borromeu. Sua sucess\u00e3o \u00e9 ininterrupta desde o ano de 1566.<br \/>Com isso o mesmo estava apto para fundar e assumir como Bispo Primaz a Igreja Episcopal Anglicana do Rito Ocidental no Brasil.<\/p>\t\t\t\t\t\t\t\t<\/div>\n\t\t\t\t<\/div>\n\t\t\t\t\t<\/div>\n\t\t\t\t<\/div>\n\t\t<div class=\"elementor-element elementor-element-fe329c6 e-flex e-con-boxed e-con e-parent\" data-id=\"fe329c6\" data-element_type=\"container\">\n\t\t\t\t\t<div class=\"e-con-inner\">\n\t\t<div class=\"elementor-element elementor-element-78e8904 e-con-full e-flex e-con e-child\" data-id=\"78e8904\" data-element_type=\"container\">\n\t\t\t\t<div class=\"elementor-element elementor-element-af3a8f2 elementor-widget elementor-widget-heading\" data-id=\"af3a8f2\" data-element_type=\"widget\" data-widget_type=\"heading.default\">\n\t\t\t\t\t<h2 class=\"elementor-heading-title elementor-size-default\">Curriculum Nobiliario<\/h2>\t\t\t\t<\/div>\n\t\t\t\t<div class=\"elementor-element elementor-element-7a84a9e elementor-widget elementor-widget-text-editor\" data-id=\"7a84a9e\" data-element_type=\"widget\" data-widget_type=\"text-editor.default\">\n\t\t\t\t\t\t\t\t\t<p>Soberano Rei da Casa Real Dom Colares Oliveira, Rei da Soberana Casa Real e Imperial Dias, Pr\u00edncipe da Soberana e Casa Real e Imperial Dias, Pr\u00edncipe pela Kingdom Burgandy Empire and Kingdom Merovigian, Gran Duque da Soberana Casa Real e Imperial Dias, Fidalgo Gr\u00e3o Duque de Sameack pela Real Ordem Sefarad e Fidalga Shalom, Duque Palatino de Gotland Cavaleiro pela Augustissima e Soberana Casa Real Imperial dos Godos do Oriente, Fidalgo Conde da Casa Real Marrana e Fidalga Shalom, Fidalgo Marques de Zaytune pela Real Ordem Marrana e Fidalga Casa de Judah, Marqu\u00eas Palatino do Vale de Girsu pela Antiga e Augustissima Casa Real e Imperial Paleologos, Bar\u00e3o pela Sealand, Bar\u00e3o do Planalto de Sarmathia pela Soberana Casa Real e Imperial dos Dos Godos de Sarmathia e Cithia, Sir pela Holy Knights of Jerusal\u00e9m, Nobre Fidalgo da Casa Gr\u00e3o Ducal D\u00b4Kopnits, Cavaleiro Gr\u00e3o Colar pela Soberana Ordem dos Cavaleiros e Damas Gr\u00e3o Ducado de Kopnits e Vastergotland, Cavaleiro Grande Oficial da Ordem dos Cavaeiros de Jerusal\u00e9m, Caballero Prior para Brasil da Casa Ducal de Gold Ferrari, Caballero Comendador pelo Priorato Real de Los Caballeros de Jerusalen, Comendador pela Soberana Nueva Castellania de Amposta Antiga Orden de Caballeros, Comendador na Soberana Ordem da Coroa de Gotland pela Augustissima e Soberana Casa Real Imperial dos Godos do Oriente, Comendador do Santo Sepulcro pela Soberana Ordem dos Cavaleiros de Cristo O Vitorioso, Comendador da Ordem dos Cavaleiros de S\u00e3o Patricio da Irlanda, Comendador Munir Khuri (O Iluminado Sacerdote) pela Real Casa Sultanato Rito Mouro, Comendador pela Ordem dos Cavaleiros da Inconfidencia Mineira.<\/p>\t\t\t\t\t\t\t\t<\/div>\n\t\t\t\t<\/div>\n\t\t<div class=\"elementor-element elementor-element-a48b224 e-con-full e-flex e-con e-child\" data-id=\"a48b224\" data-element_type=\"container\">\n\t\t\t\t<div class=\"elementor-element elementor-element-b00792f elementor-widget elementor-widget-image\" data-id=\"b00792f\" data-element_type=\"widget\" data-widget_type=\"image.default\">\n\t\t\t\t\t\t\t\t\t\t\t\t\t\t\t<img decoding=\"async\" width=\"540\" height=\"720\" src=\"https:\/\/iearob.com.br\/wp-content\/uploads\/2025\/07\/menor_3.jpg\" class=\"attachment-large size-large wp-image-7117\" alt=\"\" srcset=\"https:\/\/iearob.com.br\/wp-content\/uploads\/2025\/07\/menor_3.jpg 540w, https:\/\/iearob.com.br\/wp-content\/uploads\/2025\/07\/menor_3-225x300.jpg 225w\" sizes=\"(max-width: 540px) 100vw, 540px\" \/>\t\t\t\t\t\t\t\t\t\t\t\t\t\t\t<\/div>\n\t\t\t\t<\/div>\n\t\t\t\t\t<\/div>\n\t\t\t\t<\/div>\n\t\t<div class=\"elementor-element elementor-element-3aeda6c e-flex e-con-boxed e-con e-parent\" data-id=\"3aeda6c\" data-element_type=\"container\">\n\t\t\t\t\t<div class=\"e-con-inner\">\n\t\t<div class=\"elementor-element elementor-element-b7ce766 e-con-full e-flex e-con e-child\" data-id=\"b7ce766\" data-element_type=\"container\">\n\t\t\t\t<div class=\"elementor-element elementor-element-4de1d99 elementor-widget elementor-widget-image\" data-id=\"4de1d99\" data-element_type=\"widget\" data-widget_type=\"image.default\">\n\t\t\t\t\t\t\t\t\t\t\t\t\t\t\t<img decoding=\"async\" width=\"720\" height=\"540\" src=\"https:\/\/iearob.com.br\/wp-content\/uploads\/2025\/07\/menor.jpg\" class=\"attachment-large size-large wp-image-7118\" alt=\"\" srcset=\"https:\/\/iearob.com.br\/wp-content\/uploads\/2025\/07\/menor.jpg 720w, https:\/\/iearob.com.br\/wp-content\/uploads\/2025\/07\/menor-300x225.jpg 300w\" sizes=\"(max-width: 720px) 100vw, 720px\" \/>\t\t\t\t\t\t\t\t\t\t\t\t\t\t\t<\/div>\n\t\t\t\t<\/div>\n\t\t<div class=\"elementor-element elementor-element-f3be3af e-con-full e-flex e-con e-child\" data-id=\"f3be3af\" data-element_type=\"container\">\n\t\t\t\t<div class=\"elementor-element elementor-element-1f3e7e1 elementor-widget elementor-widget-heading\" data-id=\"1f3e7e1\" data-element_type=\"widget\" data-widget_type=\"heading.default\">\n\t\t\t\t\t<h2 class=\"elementor-heading-title elementor-size-default\">Curriculum acad\u00eamico e demais realiza\u00e7\u00f5es<\/h2>\t\t\t\t<\/div>\n\t\t\t\t<div class=\"elementor-element elementor-element-dc5c174 elementor-widget elementor-widget-text-editor\" data-id=\"dc5c174\" data-element_type=\"widget\" data-widget_type=\"text-editor.default\">\n\t\t\t\t\t\t\t\t\t<p>\u00c9 um pesquisador renomado, reconhecido e acreditado em mais de 110 pa\u00edses. Possui um QI de 143 percentil 99 (laudado), Tril\u00edngue, P\u00f3s Doutor em E-Learning pela UFP- Universidade Fernando Pessoa em Portugal, PhD em Teologia pela California University-USA, Doutor em Ci\u00eancias da Religi\u00e3o pela UEP Universidad Evangelica del Paraguay, Mestre em Teologia pela Gordon University-USA, possui MBA em Gest\u00e3o de Recursos Humanos, possui especializa\u00e7\u00e3o em Psicopedagogia Cl\u00ednica, especializa\u00e7\u00e3o em neurolinguistica, especializa\u00e7\u00e3o em criptomoedas, especializa\u00e7\u00e3o em OSINT e especializa\u00e7\u00e3o em Inteligencia artificial aplicada para a produtividade empresarial pela Faculdade Einstein. Possui especializac\u00e3o em Psican\u00e1lise Cl\u00ednica, especializa\u00e7\u00e3o em Doc\u00eancia do Ensino Superior e especializa\u00e7\u00e3o em Teologia pela Faculdade Darwin. Possui uma especializa\u00e7\u00e3o em Ci\u00eancias Pol\u00edticas pela Faculdade Entre Rios. Possui Extens\u00e3o universit\u00e1ria em Direito Arbitral pela Faculdade Darwin e possui Extens\u00e3o Universit\u00e1ria em Epistolas Paulinas pela Universidade de Harvard-USA. \u00c9 Bacharel em Rela\u00e7\u00f5es Internacionais pela FACEF \u2013 Faculdade Erich Fromm, Bacharel em Pedagogia pela Faculdade de Teologia de Boa Vista, Licenciado em Filosofia pela Faculdade Pan-Americana, Bacharel em Teologia pela Faculdade de Ci\u00eancias, Educa\u00e7\u00e3o e Teologia do Norte do Brasil. Possui Sequencial Superior em Markenting Digital com \u00canfase em Diferencia\u00e7\u00e3o pela Faculdade de Tecnologia \u00cdcone. \u00c9 empreendedor certificado pelo MIT \u2013 Massachussets Institute Technology. Tamb\u00e9m foi certificado pela NASA no projeto cientista por um dia. Empresario, filantropo, psicanalista, atirador do Ex\u00e9rcito brasileiro, Colecionador de Armas, ca\u00e7ador registrado no IBAMA, faixa preta em Karate, Taekwondo e Kickiboxing reconhecido por diversas federa\u00e7\u00f5es de prestigio no meio das Artes Marciais. \u00c9 jornalista cadastrado no Minist\u00e9rio do Trabalho e Emprego e tamb\u00e9m credenciado na FENAJ \u2013 Federa\u00e7\u00e3o Nacional dos Jornalistas. Perito Judicial cadastrado no Minist\u00e9rio da Justi\u00e7a no Brasil e agente empresarial autorizado para abertura de Empresas nos Estados Unidos da Am\u00e9rica. Foi homenageado em mais de 17 pa\u00edses. Recebeu diversos titulos de Doutor Honoris Causa e Notorio Saber por diversas institui\u00e7\u00f5es de ensino. Palestrante e conferencista internacional que palestrou em pelo menos 3 continentes. Portador de ISNI pela Biblioteca Nacional da Espanha, escritor com 6 livros publicados registrados na biblioteca Nacional, escritor e autor de diversos artigos publicados em revistas cient\u00edficas qualis. O mesmo possui uma vasta produ\u00e7\u00e3o de conte\u00fados para jornais, blogs, sites, r\u00e1dio e TV nos mais diversos formatos. Foi apresentador do programa de TV Di\u00e1logo Teol\u00f3gico produzido na Rede TV.\u00c9 respons\u00e1vel por diversos empreendimentos no Brasil, Estados Unidos e Paraguai.Reitor da Emil Brunner World University localizada em Miami na Fl\u00f3rida-USA, presidente do Instituto Italu Colares, editor chefe do Jornal Planeta, diretor Chefe da Revista Cient\u00edfica Eletr\u00f4nica Imperium e criador da Criptomoeda Icoin.<\/p>\t\t\t\t\t\t\t\t<\/div>\n\t\t\t\t<\/div>\n\t\t\t\t\t<\/div>\n\t\t\t\t<\/div>\n\t\t\t\t<\/div>\n\t\t","protected":false},"excerpt":{"rendered":"<p>Nosso Bispo Primaz Trajet\u00f3ria Eclesi\u00e1stica Reverendissimo Dom Irineu PolicarpoBispo Primaz++(REV. Monsenhor DOM \u00cdTALU BRUNO COLARES DE OLIVEIRA).O mesmo se dedicou ao estudo das Sagradas Escirturas desde seus 16 anos de idade. J\u00e1 praticava o Evangelismo.O mesmo foi diacono ordenado pela Igreja Ortodoxa Grega. Quando Diacono foi nomeado Capel\u00e3o na capelania Mission\u00e1ria de Bras\u00edlia pela Ordem [&hellip;]<\/p>\n","protected":false},"author":2,"featured_media":0,"parent":0,"menu_order":0,"comment_status":"closed","ping_status":"closed","template":"","meta":{"footnotes":""},"class_list":["post-5800","page","type-page","status-publish","hentry"],"_links":{"self":[{"href":"https:\/\/iearob.com.br\/index.php\/wp-json\/wp\/v2\/pages\/5800","targetHints":{"allow":["GET"]}}],"collection":[{"href":"https:\/\/iearob.com.br\/index.php\/wp-json\/wp\/v2\/pages"}],"about":[{"href":"https:\/\/iearob.com.br\/index.php\/wp-json\/wp\/v2\/types\/page"}],"author":[{"embeddable":true,"href":"https:\/\/iearob.com.br\/index.php\/wp-json\/wp\/v2\/users\/2"}],"replies":[{"embeddable":true,"href":"https:\/\/iearob.com.br\/index.php\/wp-json\/wp\/v2\/comments?post=5800"}],"version-history":[{"count":18,"href":"https:\/\/iearob.com.br\/index.php\/wp-json\/wp\/v2\/pages\/5800\/revisions"}],"predecessor-version":[{"id":7130,"href":"https:\/\/iearob.com.br\/index.php\/wp-json\/wp\/v2\/pages\/5800\/revisions\/7130"}],"wp:attachment":[{"href":"https:\/\/iearob.com.br\/index.php\/wp-json\/wp\/v2\/media?parent=5800"}],"curies":[{"name":"wp","href":"https:\/\/api.w.org\/{rel}","templated":true}]}}