{"id":5888,"date":"2016-11-12T00:17:15","date_gmt":"2016-11-12T00:17:15","guid":{"rendered":"http:\/\/churchwp.themeslr.com\/index.php\/template_about_us\/"},"modified":"2025-07-12T18:23:09","modified_gmt":"2025-07-12T21:23:09","slug":"quem-somos","status":"publish","type":"page","link":"https:\/\/iearob.com.br\/index.php\/quem-somos\/","title":{"rendered":"Quem Somos"},"content":{"rendered":"\t\t<div data-elementor-type=\"wp-page\" data-elementor-id=\"5888\" class=\"elementor elementor-5888\" data-elementor-post-type=\"page\">\n\t\t\t\t<div class=\"elementor-element elementor-element-4eaffe5 e-flex e-con-boxed e-con e-parent\" data-id=\"4eaffe5\" data-element_type=\"container\">\n\t\t\t\t\t<div class=\"e-con-inner\">\n\t\t<div class=\"elementor-element elementor-element-099a3fd e-con-full e-flex e-con e-child\" data-id=\"099a3fd\" data-element_type=\"container\">\n\t\t\t\t<div class=\"elementor-element elementor-element-3a4e475f elementor-widget elementor-widget-heading\" data-id=\"3a4e475f\" data-element_type=\"widget\" data-widget_type=\"heading.default\">\n\t\t\t\t\t<h2 class=\"elementor-heading-title elementor-size-default\">Sobre N\u00f3s<\/h2>\t\t\t\t<\/div>\n\t\t\t\t<div class=\"elementor-element elementor-element-2414d491 elementor-widget elementor-widget-text-editor\" data-id=\"2414d491\" data-element_type=\"widget\" data-widget_type=\"text-editor.default\">\n\t\t\t\t\t\t\t\t\t<p>A Igreja Episcopal Anglicana do Rito Ocidental no Brasil \u2013 IEAROB, possui suas raizes no cristianismo primitivo, nos pilares da Reforma protestante e no Anglicanismo. A mesma tem sua funda\u00e7\u00e3o desde o ano de 2013 esta sob o CNPJ 20.228.368.0001-19. Seu Bispo Primaz \u00e9 o Reverendissimo Monsenhor Dom. Irineu Policarpo (Rev. Dom. Italu Bruno Colares de Oliveira).<br \/>Somos um Igreja Crist\u00e3 Episcopal Anglicana Apost\u00f3lica Reformada que visa a propaga\u00e7\u00e3o do evangelho de Jesus Cristo e o ensino das Sagradas Escrituras Biblicas sob uma hermeneutica e exegese sa\u00fadavel n\u00e3o castradora e n\u00e3o tendenciosa. Somos oriundos da denomina\u00e7\u00e3o crist\u00e3 estabelecida oficialmente na Inglaterra. O termo Anglicano tem origem em ecclesia anglicana, e que significa Igreja Inglesa ou igreja do povo ingl\u00eas.<br \/>Somos uma Igreja Reconhecida pelo Academic Impact (United Nations). Somos reconhecidos pelo Decreto do Papa Bento XVI ANGLICANORUM COETIBUS, dado em Roma, junto de S\u00e3o Pedro, 4 de Novembro de 2009, Mem\u00f3ria de S\u00e3o Carlos Borromeu. Apesar disso n\u00e3o aceitamos a infabilidade Papal. Nossos ritos s\u00e3o pr\u00f3prios em conformidade com as Escrituras B\u00edblicas e em conformidadd com nossa tradi\u00e7\u00e3o apostolica.<\/p>\t\t\t\t\t\t\t\t<\/div>\n\t\t\t\t<\/div>\n\t\t<div class=\"elementor-element elementor-element-2d822cd e-con-full e-flex e-con e-child\" data-id=\"2d822cd\" data-element_type=\"container\">\n\t\t<div class=\"elementor-element elementor-element-781ada5 e-con-full e-flex e-con e-child\" data-id=\"781ada5\" data-element_type=\"container\">\n\t\t\t\t<div class=\"elementor-element elementor-element-7e4cff5 elementor-widget elementor-widget-heading\" data-id=\"7e4cff5\" data-element_type=\"widget\" data-widget_type=\"heading.default\">\n\t\t\t\t\t<h2 class=\"elementor-heading-title elementor-size-default\">Nossa Vis\u00e3o<\/h2>\t\t\t\t<\/div>\n\t\t\t\t<div class=\"elementor-element elementor-element-044504f elementor-widget elementor-widget-text-editor\" data-id=\"044504f\" data-element_type=\"widget\" data-widget_type=\"text-editor.default\">\n\t\t\t\t\t\t\t\t\t<p>Ser eficaz na difus\u00e3o do Evangelho com a utiliza\u00e7\u00e3o das novas tecnologias para levar pessoas ao encontro pessoal com Cristo (Evangelismo), ao crescimento na f\u00e9 e \u00e0 comunh\u00e3o (Edifica\u00e7\u00e3o), \u00e0 lideran\u00e7a (Capacita\u00e7\u00e3o), e \u00e0 intercess\u00e3o e ao testemunho da Palavra de Deus para alcan\u00e7ar outros (Extens\u00e3o) no Brasil em outros pa\u00edses e regi\u00f5es de fala portuguesa e nas comunidades lus\u00f3fonas espalhadas por v\u00e1rios pa\u00edses do mundo e at\u00e9 os confins da terra.<\/p>\t\t\t\t\t\t\t\t<\/div>\n\t\t\t\t<\/div>\n\t\t<div class=\"elementor-element elementor-element-51f53eb e-con-full e-flex e-con e-child\" data-id=\"51f53eb\" data-element_type=\"container\">\n\t\t\t\t<div class=\"elementor-element elementor-element-e3689aa elementor-widget elementor-widget-heading\" data-id=\"e3689aa\" data-element_type=\"widget\" data-widget_type=\"heading.default\">\n\t\t\t\t\t<h2 class=\"elementor-heading-title elementor-size-default\">Em que Cremos<\/h2>\t\t\t\t<\/div>\n\t\t\t\t<div class=\"elementor-element elementor-element-1535154 elementor-widget elementor-widget-text-editor\" data-id=\"1535154\" data-element_type=\"widget\" data-widget_type=\"text-editor.default\">\n\t\t\t\t\t\t\t\t\t<p>Em um mundo de transforma\u00e7\u00f5es que frequentemente modifica suas premissas e valores. Mesmo assim para n\u00f3s, os princ\u00edpios absolutos da B\u00edblia Sagrada permanecem inabal\u00e1veis, evidenciando o prop\u00f3sito divino para a humanidade. Temos a B\u00edblia como Escrituras Sagradas que mostram a revela\u00e7\u00e3o de Deus. A mesma foi entregue a santos homens por inspira\u00e7\u00e3o do Esp\u00edrito Santo. N\u00f3s reconhecemos ela como autoridade \u00fanica e infal\u00edvel quanto a f\u00e9 e conduta. Acreditamos que a mesma somente pode ser compreendida quando aquele que l\u00ea e estuda as Sagradas Escrituras possui uma f\u00e9 real na pessoa de Jesus Cristo e isso somente pode ser advindo de uma experi\u00eancia genu\u00edna com Deus que em sua gra\u00e7a chama o pecador por sua miseric\u00f3rdia e n\u00e3o por m\u00e9ritos humanos.<\/p>\t\t\t\t\t\t\t\t<\/div>\n\t\t\t\t<\/div>\n\t\t\t\t<\/div>\n\t\t\t\t\t<\/div>\n\t\t\t\t<\/div>\n\t\t<div class=\"elementor-element elementor-element-825d054 e-flex e-con-boxed e-con e-parent\" data-id=\"825d054\" data-element_type=\"container\">\n\t\t\t\t\t<div class=\"e-con-inner\">\n\t\t<div class=\"elementor-element elementor-element-da2e19c e-con-full e-flex e-con e-child\" data-id=\"da2e19c\" data-element_type=\"container\">\n\t\t<div class=\"elementor-element elementor-element-3c0f027 e-con-full e-flex e-con e-child\" data-id=\"3c0f027\" data-element_type=\"container\">\n\t\t\t\t<div class=\"elementor-element elementor-element-b2ffabb elementor-widget elementor-widget-heading\" data-id=\"b2ffabb\" data-element_type=\"widget\" data-widget_type=\"heading.default\">\n\t\t\t\t\t<h2 class=\"elementor-heading-title elementor-size-default\">Nossos Valores<\/h2>\t\t\t\t<\/div>\n\t\t\t\t<div class=\"elementor-element elementor-element-2cf2a54 elementor-widget elementor-widget-text-editor\" data-id=\"2cf2a54\" data-element_type=\"widget\" data-widget_type=\"text-editor.default\">\n\t\t\t\t\t\t\t\t\tNossos valores s\u00e3o a f\u00e9 em Jesus Cristo, f\u00e9 nas Escrituras B\u00edblicas, o exerc\u00edcio do amor, da caridade, da bondade que Deus opera por meio do homem, no trabalho social e comunit\u00e1rio em prol da sociedade em todas as esferas.\t\t\t\t\t\t\t\t<\/div>\n\t\t\t\t<\/div>\n\t\t\t\t<\/div>\n\t\t<div class=\"elementor-element elementor-element-43bc483 e-con-full e-flex e-con e-child\" data-id=\"43bc483\" data-element_type=\"container\" data-settings=\"{&quot;background_background&quot;:&quot;classic&quot;}\">\n\t\t\t\t<\/div>\n\t\t<div class=\"elementor-element elementor-element-06e3c93 e-con-full e-flex e-con e-child\" data-id=\"06e3c93\" data-element_type=\"container\">\n\t\t<div class=\"elementor-element elementor-element-7a46b38 e-con-full e-flex e-con e-child\" data-id=\"7a46b38\" data-element_type=\"container\">\n\t\t\t\t<div class=\"elementor-element elementor-element-03ebdcc elementor-widget elementor-widget-heading\" data-id=\"03ebdcc\" data-element_type=\"widget\" data-widget_type=\"heading.default\">\n\t\t\t\t\t<h2 class=\"elementor-heading-title elementor-size-default\">Nos opomos<\/h2>\t\t\t\t<\/div>\n\t\t\t\t<div class=\"elementor-element elementor-element-8f8149e elementor-widget elementor-widget-text-editor\" data-id=\"8f8149e\" data-element_type=\"widget\" data-widget_type=\"text-editor.default\">\n\t\t\t\t\t\t\t\t\tResistimos o mercantilismo da F\u00e9, resistimos os valores imorais de nossa sociedade e resistimos as ideologias vermelhas autoritarias como: o nazismo, neo-nazismo, socialismo, anarquia de esquerda, feminismo, comunismo, fascismo e contra qualquer outra linha ditatorial de pensamento.\nNos opomos contra a teologia da liberta\u00e7\u00e3o e contra o a teologia da prosperidade que enxerga Deus como um bandido ou um banqueiro.\nNos opomos a teologia da liberta\u00e7\u00e3o ou tamb\u00e9m conhecida como Teologia do Pobre que possui em seu bojo um pilar marxista e Kantiano. O Vaticano, sob o pontificado de Jo\u00e3o Paulo II (1978-2005), acusou de marxista a Teologia da Liberta\u00e7\u00e3o por ressaltar a op\u00e7\u00e3o preferencial de Deus pelos pobres e puniu v\u00e1rios sacerdotes ligados a ela, como o brasileiro Leonardo Boff e o nicaraguense Ernesto Cardeal.\nConcordamos com o Decreto contra o comunismo, documento da Igreja Cat\u00f3lica, publicado pelo Santo Of\u00edcio no dia 1 de julho de 1949, durante o pontificado do Papa Pio XII.\nSomos contra a ideologia de genero por saber que al\u00e9m de n\u00e3o ser cientifica n\u00e3o \u00e9 biblica.\nEste documento afirma a excomunh\u00e3o autom\u00e1tica ipso facto (ou latae sententiae) de todos os cat\u00f3licos que, em obstina\u00e7\u00e3o consciente, aderem ao ate\u00edsmo e ao materialismo associado ao comunismo e \u00e0s doutrinas marxistas. Excomungamos todos os crist\u00e3os associados a essa ideologia que defende nas palavras do pr\u00f3rpio Marx uma espiritualidade sem Deus.\nAl\u00e9m deste c\u00e9lebre documento de 1949, outros decretos contra o comunismo tamb\u00e9m foram publicados pelo Santo Of\u00edcio entre as d\u00e9cadas de 1940 e 1950. Deve-se ter em mente que os defensores dessas \u201cdoutrinas\u201d s\u00e3o enamorados em sua maioria das vezes dos sistemas ditatoriais de esquerda.\nSomos contra o homossexualismo por entendermos que n\u00e3o se trata de discrimnar pessoas mas sim de n\u00e3o concordar com comportamentos promiscuos. Somos contra o aborto por entender que n\u00e3o podemos impedir de uma vida vir ao mundo (exceto em casos em que a m\u00e3e esteja em risco de vida no parto ou a crian\u00e7a seja gerada por meio de um estupro) e tambem somos contra o assassinato.\nAcreditamos que o cidad\u00e3o deve ser sempre maior que o estado pois estamos debaixo da m\u00e3o Soberana do criador que nos fez livres em Cristo Jesus. Com ele sa\u00edmos do jugo do pecado e da morte.\nSomos a favor de normas, principios e valores morais crist\u00e3os. Somos contra todo tipo de discrimina\u00e7\u00e3o racial e de classes.\t\t\t\t\t\t\t\t<\/div>\n\t\t\t\t<\/div>\n\t\t\t\t<\/div>\n\t\t<div class=\"elementor-element elementor-element-b347dfe e-con-full e-flex e-con e-child\" data-id=\"b347dfe\" data-element_type=\"container\" data-settings=\"{&quot;background_background&quot;:&quot;classic&quot;}\">\n\t\t\t\t<\/div>\n\t\t<div class=\"elementor-element elementor-element-f590d48 e-con-full e-flex e-con e-child\" data-id=\"f590d48\" data-element_type=\"container\">\n\t\t<div class=\"elementor-element elementor-element-611e473 e-con-full e-flex e-con e-child\" data-id=\"611e473\" data-element_type=\"container\">\n\t\t\t\t<div class=\"elementor-element elementor-element-6807dda elementor-widget elementor-widget-heading\" data-id=\"6807dda\" data-element_type=\"widget\" data-widget_type=\"heading.default\">\n\t\t\t\t\t<h2 class=\"elementor-heading-title elementor-size-default\">APOIAMOS<\/h2>\t\t\t\t<\/div>\n\t\t\t\t<div class=\"elementor-element elementor-element-bfb9936 elementor-widget elementor-widget-text-editor\" data-id=\"bfb9936\" data-element_type=\"widget\" data-widget_type=\"text-editor.default\">\n\t\t\t\t\t\t\t\t\tSomos a favor de uma sociedade Livre Crist\u00e3 que possui voz e direito a defesa.\nSomos a favor da Liberdade como Cristo definiu: Se o filho vos libertar verdadeiramente sereis livres.\nDiante disso somos a favor de uma sociedade 100% livre n\u00e3o controlada e entendemos o estado como diab\u00f3lico, sat\u00e2nico e anatema.\nEm nossa vis\u00e3o apesar de termos valores conservadores acreditamos que o ser humano deve ser livre, sendo assim o mesmo pode viver em sociedade colaborando mutuamente uns com os outros sob uma perspectiva do voluntariado Libert\u00e1rio ainda que muitos dessa sociedade seja escravos do pecado.\nAcreditamos na propriedade privada, na politica dos contratos, na privatiza\u00e7\u00e3o, na gera\u00e7\u00e3o de emprego, no livre mercado, na liberdade de express\u00e3o e religiosa, no direito do cidad\u00e3o em portar armas para defesa de sua familia e propriedades. Acreditamos na supremacia humana acima do estado com o principio b\u00e1sico da n\u00e3o agress\u00e3o como forma de demonstra\u00e7\u00e3o de amor pelo proximo.\nN\u00e3o somos ativistas de guerras e nem pacifistas extremos. Somos seletivistas e acreditamos que h\u00e1 guerras que devem ser enfrentadas.\t\t\t\t\t\t\t\t<\/div>\n\t\t\t\t<\/div>\n\t\t\t\t<\/div>\n\t\t<div class=\"elementor-element elementor-element-350dd8e e-con-full e-flex e-con e-child\" data-id=\"350dd8e\" data-element_type=\"container\" data-settings=\"{&quot;background_background&quot;:&quot;classic&quot;}\">\n\t\t\t\t<\/div>\n\t\t\t\t\t<\/div>\n\t\t\t\t<\/div>\n\t\t<div class=\"elementor-element elementor-element-a18b910 e-flex e-con-boxed e-con e-parent\" data-id=\"a18b910\" data-element_type=\"container\" data-settings=\"{&quot;background_background&quot;:&quot;classic&quot;}\">\n\t\t\t\t\t<div class=\"e-con-inner\">\n\t\t\t\t\t<\/div>\n\t\t\t\t<\/div>\n\t\t\t\t<\/div>\n\t\t","protected":false},"excerpt":{"rendered":"<p>Sobre N\u00f3s A Igreja Episcopal Anglicana do Rito Ocidental no Brasil \u2013 IEAROB, possui suas raizes no cristianismo primitivo, nos pilares da Reforma protestante e no Anglicanismo. A mesma tem sua funda\u00e7\u00e3o desde o ano de 2013 esta sob o CNPJ 20.228.368.0001-19. Seu Bispo Primaz \u00e9 o Reverendissimo Monsenhor Dom. Irineu Policarpo (Rev. Dom. Italu [&hellip;]<\/p>\n","protected":false},"author":2,"featured_media":0,"parent":0,"menu_order":0,"comment_status":"closed","ping_status":"closed","template":"","meta":{"footnotes":""},"class_list":["post-5888","page","type-page","status-publish","hentry"],"_links":{"self":[{"href":"https:\/\/iearob.com.br\/index.php\/wp-json\/wp\/v2\/pages\/5888","targetHints":{"allow":["GET"]}}],"collection":[{"href":"https:\/\/iearob.com.br\/index.php\/wp-json\/wp\/v2\/pages"}],"about":[{"href":"https:\/\/iearob.com.br\/index.php\/wp-json\/wp\/v2\/types\/page"}],"author":[{"embeddable":true,"href":"https:\/\/iearob.com.br\/index.php\/wp-json\/wp\/v2\/users\/2"}],"replies":[{"embeddable":true,"href":"https:\/\/iearob.com.br\/index.php\/wp-json\/wp\/v2\/comments?post=5888"}],"version-history":[{"count":27,"href":"https:\/\/iearob.com.br\/index.php\/wp-json\/wp\/v2\/pages\/5888\/revisions"}],"predecessor-version":[{"id":7050,"href":"https:\/\/iearob.com.br\/index.php\/wp-json\/wp\/v2\/pages\/5888\/revisions\/7050"}],"wp:attachment":[{"href":"https:\/\/iearob.com.br\/index.php\/wp-json\/wp\/v2\/media?parent=5888"}],"curies":[{"name":"wp","href":"https:\/\/api.w.org\/{rel}","templated":true}]}}