{"id":6851,"date":"2025-07-02T00:46:28","date_gmt":"2025-07-02T03:46:28","guid":{"rendered":"https:\/\/iearob.com.br\/?page_id=6851"},"modified":"2025-08-20T12:44:28","modified_gmt":"2025-08-20T15:44:28","slug":"nossa-historia","status":"publish","type":"page","link":"https:\/\/iearob.com.br\/index.php\/nossa-historia\/","title":{"rendered":"Nossa hist\u00f3ria"},"content":{"rendered":"\t\t<div data-elementor-type=\"wp-page\" data-elementor-id=\"6851\" class=\"elementor elementor-6851\" data-elementor-post-type=\"page\">\n\t\t\t\t<div class=\"elementor-element elementor-element-def4907 e-flex e-con-boxed e-con e-parent\" data-id=\"def4907\" data-element_type=\"container\">\n\t\t\t\t\t<div class=\"e-con-inner\">\n\t\t\t\t<div class=\"elementor-element elementor-element-532d9390 elementor-widget elementor-widget-heading\" data-id=\"532d9390\" data-element_type=\"widget\" data-widget_type=\"heading.default\">\n\t\t\t\t\t<h2 class=\"elementor-heading-title elementor-size-default\">Nossa hist\u00f3ria<\/h2>\t\t\t\t<\/div>\n\t\t\t\t<div class=\"elementor-element elementor-element-15ee6163 elementor-widget elementor-widget-text-editor\" data-id=\"15ee6163\" data-element_type=\"widget\" data-widget_type=\"text-editor.default\">\n\t\t\t\t\t\t\t\t\t<p>O Anglicanismo foi criado no s\u00e9culo XVI, pelo rei da Inglaterra Henrique VIII. Ele surgiu ap\u00f3s a insatisfa\u00e7\u00e3o do rei com algumas decis\u00f5es tomadas pela Igreja Cat\u00f3lica. O Anglicanismo fez parte do movimento reformista, que buscava confrontar a Igreja, que ficou conhecido como Reforma protestante.<\/p>\t\t\t\t\t\t\t\t<\/div>\n\t\t\t\t\t<\/div>\n\t\t\t\t<\/div>\n\t\t<div class=\"elementor-element elementor-element-8fe8400 e-flex e-con-boxed e-con e-parent\" data-id=\"8fe8400\" data-element_type=\"container\">\n\t\t\t\t\t<div class=\"e-con-inner\">\n\t\t<div class=\"elementor-element elementor-element-1b7cf3a e-con-full e-flex e-con e-child\" data-id=\"1b7cf3a\" data-element_type=\"container\">\n\t\t\t\t<div class=\"elementor-element elementor-element-33cdc46 elementor-widget__width-inherit elementor-widget elementor-widget-image\" data-id=\"33cdc46\" data-element_type=\"widget\" data-widget_type=\"image.default\">\n\t\t\t\t\t\t\t\t\t\t\t\t\t\t\t<img fetchpriority=\"high\" decoding=\"async\" width=\"267\" height=\"189\" src=\"https:\/\/iearob.com.br\/wp-content\/uploads\/2025\/07\/2f6f7ab7-89d2-4d44-89aa-777890317479.webp\" class=\"attachment-full size-full wp-image-6889\" alt=\"\" \/>\t\t\t\t\t\t\t\t\t\t\t\t\t\t\t<\/div>\n\t\t\t\t<\/div>\n\t\t<div class=\"elementor-element elementor-element-f54458c e-con-full e-flex e-con e-child\" data-id=\"f54458c\" data-element_type=\"container\">\n\t\t\t\t<div class=\"elementor-element elementor-element-3ca6d40 elementor-widget elementor-widget-heading\" data-id=\"3ca6d40\" data-element_type=\"widget\" data-widget_type=\"heading.default\">\n\t\t\t\t\t<h2 class=\"elementor-heading-title elementor-size-default\">Surgimento do Anglicanismo\n<\/h2>\t\t\t\t<\/div>\n\t\t\t\t<div class=\"elementor-element elementor-element-b75b8a3 elementor-widget elementor-widget-text-editor\" data-id=\"b75b8a3\" data-element_type=\"widget\" data-widget_type=\"text-editor.default\">\n\t\t\t\t\t\t\t\t\t<p>Em 1534, o rei Henrique VIII optou pela separa\u00e7\u00e3o da Igreja da Inglaterra da Igreja Cat\u00f3lica. Tudo come\u00e7ou com uma desaven\u00e7a, ap\u00f3s a negativa do papa a uma solicita\u00e7\u00e3o do rei<br \/>Com problemas no casamento, Henrique havia pedido a anula\u00e7\u00e3o do seu casamento com Catarina Arag\u00e3o, por\u00e9m o tio da at\u00e9 ent\u00e3o esposa do rei auxiliava o sacerdote contra a crescente a atua\u00e7\u00e3o dos luteranos no Sacro Imp\u00e9rio Romano Germ\u00e2nico.<br \/>Revoltado, Henrique VIII obrigou que o Parlamento brit\u00e2nico instalassem diversas leis que fizessem com que a Igreja ficasse sobre submiss\u00e3o do Estado. Al\u00e9m disso, ele apreendeu diversas propriedades na Inglaterra que estavam em posse da Igreja.<br \/>Com isso, os nobre da \u00e9poca passaram a exercer maior influ\u00eancia na pol\u00edtica.<br \/>Com isso, a majestade come\u00e7ou a ter poder na nomea\u00e7\u00e3o dos cargos eclesi\u00e1sticos e tornou-se o principal representante religioso.<\/p>\t\t\t\t\t\t\t\t<\/div>\n\t\t\t\t<\/div>\n\t\t\t\t\t<\/div>\n\t\t\t\t<\/div>\n\t\t<div class=\"elementor-element elementor-element-5fea2ef e-flex e-con-boxed e-con e-parent\" data-id=\"5fea2ef\" data-element_type=\"container\">\n\t\t\t\t\t<div class=\"e-con-inner\">\n\t\t<div class=\"elementor-element elementor-element-96beec6 e-con-full e-flex e-con e-child\" data-id=\"96beec6\" data-element_type=\"container\">\n\t\t\t\t<\/div>\n\t\t\t\t\t<\/div>\n\t\t\t\t<\/div>\n\t\t<div class=\"elementor-element elementor-element-7ee2e0e e-flex e-con-boxed e-con e-parent\" data-id=\"7ee2e0e\" data-element_type=\"container\">\n\t\t\t\t\t<div class=\"e-con-inner\">\n\t\t<div class=\"elementor-element elementor-element-59ab8c4 e-con-full e-flex e-con e-child\" data-id=\"59ab8c4\" data-element_type=\"container\">\n\t\t\t\t<div class=\"elementor-element elementor-element-5617ae1 elementor-widget elementor-widget-heading\" data-id=\"5617ae1\" data-element_type=\"widget\" data-widget_type=\"heading.default\">\n\t\t\t\t\t<h2 class=\"elementor-heading-title elementor-size-default\">Rei Henrique VIII\n<\/h2>\t\t\t\t<\/div>\n\t\t\t\t<div class=\"elementor-element elementor-element-ce76ab8 elementor-widget elementor-widget-text-editor\" data-id=\"ce76ab8\" data-element_type=\"widget\" data-widget_type=\"text-editor.default\">\n\t\t\t\t\t\t\t\t\tDesde muito novo, Henrique VIII j\u00e1 acumulava muitas responsabilidades. Filho do rei Henrique VII e Isabel Iorque, aos dois anos de idade ele era o Lorde Guardi\u00e3o dos Cinco Portos e Condest\u00e1vel do Castelo de Dover.\nCom o apoio dos melhores mestres da \u00e9poca, Henrique se tornou um poliglota, fluente em al\u00e9m, franc\u00eas, al\u00e9m de dominar italiano.\nDos seis irm\u00e3os que teve, apenas tr\u00eas sobreviveram (Arthur, Margarida e Maria). Em 1502, Arthur morreu aos 15 anos, vinte dias ap\u00f3s se casar com Catarina. Com a morte, todas as obriga\u00e7\u00f5es de Arthur foram passados para Henrique VIII, inclusive a esposa.\t\t\t\t\t\t\t\t<\/div>\n\t\t\t\t<\/div>\n\t\t<div class=\"elementor-element elementor-element-064d66e e-con-full e-flex e-con e-child\" data-id=\"064d66e\" data-element_type=\"container\" data-settings=\"{&quot;background_background&quot;:&quot;classic&quot;}\">\n\t\t\t\t<div class=\"elementor-element elementor-element-b1739b4 elementor-widget elementor-widget-image\" data-id=\"b1739b4\" data-element_type=\"widget\" data-widget_type=\"image.default\">\n\t\t\t\t\t\t\t\t\t\t\t\t\t\t\t<img decoding=\"async\" width=\"509\" height=\"600\" src=\"https:\/\/iearob.com.br\/wp-content\/uploads\/2025\/07\/WhatsApp-Image-2025-07-07-at-15.42.01.jpeg\" class=\"attachment-large size-large wp-image-6893\" alt=\"\" srcset=\"https:\/\/iearob.com.br\/wp-content\/uploads\/2025\/07\/WhatsApp-Image-2025-07-07-at-15.42.01.jpeg 509w, https:\/\/iearob.com.br\/wp-content\/uploads\/2025\/07\/WhatsApp-Image-2025-07-07-at-15.42.01-255x300.jpeg 255w\" sizes=\"(max-width: 509px) 100vw, 509px\" \/>\t\t\t\t\t\t\t\t\t\t\t\t\t\t\t<\/div>\n\t\t\t\t<\/div>\n\t\t\t\t\t<\/div>\n\t\t\t\t<\/div>\n\t\t<div class=\"elementor-element elementor-element-309d7b9 e-flex e-con-boxed e-con e-parent\" data-id=\"309d7b9\" data-element_type=\"container\">\n\t\t\t\t\t<div class=\"e-con-inner\">\n\t\t<div class=\"elementor-element elementor-element-f82e53b e-con-full e-flex e-con e-child\" data-id=\"f82e53b\" data-element_type=\"container\">\n\t\t\t\t<div class=\"elementor-element elementor-element-f52daa7 elementor-widget elementor-widget-heading\" data-id=\"f52daa7\" data-element_type=\"widget\" data-widget_type=\"heading.default\">\n\t\t\t\t\t<h2 class=\"elementor-heading-title elementor-size-default\">O reinado<\/h2>\t\t\t\t<\/div>\n\t\t\t\t<div class=\"elementor-element elementor-element-9531413 elementor-widget elementor-widget-text-editor\" data-id=\"9531413\" data-element_type=\"widget\" data-widget_type=\"text-editor.default\">\n\t\t\t\t\t\t\t\t\tAos 52 anos, o pai de Henrique VIII, o rei Henrique VII, faleceu. A partir de ent\u00e3o ele assumiu as demandas do pai, se tornando rei da Inglaterra.\nPouco tempo ap\u00f3s casar oficialmente com Catarina, ela engravidou. Mas infelizmente meses ap\u00f3s o nascimento a crian\u00e7a faleceu. Quatro meses depois ela engravidou novamente, e a dor da perda anterior foi amenizada ao descobrirem que era um menino, t\u00e3o esperado pelo rei. Por\u00e9m a alegria foi passageira, pois sete semanas depois o menino tamb\u00e9m morreu.\nAnos depois, Catarina sofreu um aborto, mas em fevereiro de 1516 ela deu \u00e0 luz a Maria. Em 1518, ela engravidou novamente de outra menina.\nAo longo dos anos, a conviv\u00eancia entre o rei e Catarina foi ficando cada vez mais dif\u00edcil. Principalmente pelo fato de Henrique VIII ter diversas amantes pelo reino.\nDurante um dos seus relacionamentos, ele engravidou uma das amantes. E dessa vez era um menino, para a felicidade do rei.\nCom o nome de Henrique FitzRoy, mesmo n\u00e3o sendo filho de uma rela\u00e7\u00e3o oficial, o menino foi feito Duque de Richmond.\nAp\u00f3s vinte anos de casamento, sem ter conseguido um herdeiro masculino, o casamento entre o rei a Catarina ficava cada vez mais dif\u00edcil. Foi ent\u00e3o que ele se apaixonou pela irm\u00e3 de uma das amantes, a Ana Bolena.\nResistente em cair nos encantos do rei sedutor, ele se apaixonou mais ainda por ela. Foi ent\u00e3o que ele decidiu anular o seu casamento, para casar-se com Ana. Mas, foi a\u00ed que iniciou a briga entre o rei e a Igreja Cat\u00f3lica, pois o papa n\u00e3o quis aceitar a anula\u00e7\u00e3o do casamento.\nCom la\u00e7os cortados, foi a partir dessa atitude que Henrique VIII decidiu se afastar da Igreja Cat\u00f3lica e seguir com o Anglicanismo, atrav\u00e9s da Igreja da Inglaterra.\nSeguindo os pr\u00f3prios caminhos e doutrina\u00e7\u00f5es, o casamento do rei e Catarina Arag\u00e3o foi anulado, e prontamente ele se uniu a Ana Bolena.\nOs dois j\u00e1 tinham um relacionamento \u00e0s escondidas, mas ela queria um casamento legalizado. Durante tr\u00eas anos, Ana Bolena permaneceu como rainha da Inglaterra e nesse per\u00edodo eles tiveram um filha, Elizabeth I (1533-1603), que, mais tarde, se tornaria uma das monarcas mais importantes da Inglaterra. Quando Henrique se cansou de Ana, ele a acusou de adult\u00e9rio e a decapitou em 19 de maio de 1536.\nFoi ent\u00e3o que ele casou-se com Jane Seymour, que morreu pouco depois do nascimento de seu filho, Eduardo VI.\nTr\u00eas anos depois, para criar uma alian\u00e7a pol\u00edtica com os pr\u00edncipes protestantes do norte da Alemanha, Henrique casou-se com Anne de Cl\u00e8ves (1515-1557). Mas a uni\u00e3o durou menos de um ano.\nHenrique VIII escolheu ent\u00e3o Catherine Howard (1521-1542), filha do duque de Norfolk. Mas, como j\u00e1 havia ocorrido com Ana Bolena, Catherine tamb\u00e9m foi decapitada por sua suposta \u201cimoralidade\u201d.\nA sexta e \u00faltima esposa de Henrique foi Catherine Parr (1512-1548), filha de um nobre chamado Thomas Parr. Protestante leal, ela havia apoiado totalmente o ent\u00e3o pol\u00eamico rompimento de Henrique com a Igreja Cat\u00f3lica. Catherine viveu ainda cinco anos ap\u00f3s a morte de Henrique.\nA Igreja Anglicana tem ra\u00edzes no catolicismo, do qual mant\u00e9m muitas tradi\u00e7\u00f5es, mas ganhou forma em meio \u00e0 Reforma Protestante do s\u00e9culo XVI. Como outras igrejas reformadas, ela reconhece apenas dois sacramentos: o batismo e a eucaristia; na Igreja Cat\u00f3lica Romana, em compara\u00e7\u00e3o, os sacramentos s\u00e3o sete.\t\t\t\t\t\t\t\t<\/div>\n\t\t\t\t<\/div>\n\t\t\t\t\t<\/div>\n\t\t\t\t<\/div>\n\t\t<div class=\"elementor-element elementor-element-8f60b0b e-flex e-con-boxed e-con e-parent\" data-id=\"8f60b0b\" data-element_type=\"container\">\n\t\t\t\t\t<div class=\"e-con-inner\">\n\t\t\t\t<div class=\"elementor-element elementor-element-7db1db4 elementor-widget elementor-widget-image\" data-id=\"7db1db4\" data-element_type=\"widget\" data-widget_type=\"image.default\">\n\t\t\t\t\t\t\t\t\t\t\t\t\t\t\t<img decoding=\"async\" width=\"800\" height=\"600\" src=\"https:\/\/iearob.com.br\/wp-content\/uploads\/2025\/07\/de4ea579-e1e2-4843-ab17-d49ab3372906.webp\" class=\"attachment-large size-large wp-image-7112\" alt=\"\" srcset=\"https:\/\/iearob.com.br\/wp-content\/uploads\/2025\/07\/de4ea579-e1e2-4843-ab17-d49ab3372906.webp 960w, https:\/\/iearob.com.br\/wp-content\/uploads\/2025\/07\/de4ea579-e1e2-4843-ab17-d49ab3372906-300x225.webp 300w, https:\/\/iearob.com.br\/wp-content\/uploads\/2025\/07\/de4ea579-e1e2-4843-ab17-d49ab3372906-768x576.webp 768w\" sizes=\"(max-width: 800px) 100vw, 800px\" \/>\t\t\t\t\t\t\t\t\t\t\t\t\t\t\t<\/div>\n\t\t<div class=\"elementor-element elementor-element-d74e198 e-con-full e-flex e-con e-child\" data-id=\"d74e198\" data-element_type=\"container\">\n\t\t\t\t<div class=\"elementor-element elementor-element-233b44f elementor-widget elementor-widget-heading\" data-id=\"233b44f\" data-element_type=\"widget\" data-widget_type=\"heading.default\">\n\t\t\t\t\t<h2 class=\"elementor-heading-title elementor-size-default\">Nascimento da IGREJA EPISCOPAL ANGLICANA DO RITO OCIDENTAL NO BRASIL\n<\/h2>\t\t\t\t<\/div>\n\t\t\t\t<div class=\"elementor-element elementor-element-62b8df2 elementor-widget elementor-widget-text-editor\" data-id=\"62b8df2\" data-element_type=\"widget\" data-widget_type=\"text-editor.default\">\n\t\t\t\t\t\t\t\t\tO exarcado Patriarcal Apost\u00f3lico da Igreja Ortodoxa da Europa no Brasil elegeu Italu Bruno Colares de Oliveira ao Episcopado.\nFoi sagrado Bispo com sucess\u00e3o Apost\u00f3lica Plena desde de 1566. Sagrado por Dom Lucas Macieira da Silva (Dom Iranildo Macieira da Silva) e Monsenhor Dom Crisostomo no dia 15 de Mar\u00e7o de 2014 em Bras\u00edlia-DF \u2013 Brasil.\nCom o nome religioso de Irineu Policarpo, Mons. Dom \u00cdtalu Bruno Colares de Oliveira foi Sagrado Bispo Anglicano pela Igreja Episcopal Latina do Brasil \u2013 IELB (RITO ANGLICANO CAT\u00d3LICO) com sucess\u00e3o apost\u00f3lica plena reconhecido pelo Decreto do Papa Bento XVI ANGLICANORUM COETIBUS, dado em Roma, junto de S\u00e3o Pedro, 4 de Novembro de 2009, Mem\u00f3ria de S\u00e3o Carlos Borromeu. Sua sucess\u00e3o \u00e9 ininterrupta desde o ano de 1566.\nCom isso o mesmo estava apto para fundar e assumir como Bispo Primaz a Igreja Episcopal Anglicana do Rito Ocidental no Brasil.\nCom o Reverendiasimo Monsenhor Dom Italu Bruno Colares de Oliveira (Irineu Policarpo) nasceu essa igreja.\t\t\t\t\t\t\t\t<\/div>\n\t\t\t\t<\/div>\n\t\t\t\t\t<\/div>\n\t\t\t\t<\/div>\n\t\t\t\t<\/div>\n\t\t","protected":false},"excerpt":{"rendered":"<p>Nossa hist\u00f3ria O Anglicanismo foi criado no s\u00e9culo XVI, pelo rei da Inglaterra Henrique VIII. Ele surgiu ap\u00f3s a insatisfa\u00e7\u00e3o do rei com algumas decis\u00f5es tomadas pela Igreja Cat\u00f3lica. O Anglicanismo fez parte do movimento reformista, que buscava confrontar a Igreja, que ficou conhecido como Reforma protestante. Surgimento do Anglicanismo Em 1534, o rei Henrique [&hellip;]<\/p>\n","protected":false},"author":2,"featured_media":0,"parent":0,"menu_order":0,"comment_status":"closed","ping_status":"closed","template":"","meta":{"footnotes":""},"class_list":["post-6851","page","type-page","status-publish","hentry"],"_links":{"self":[{"href":"https:\/\/iearob.com.br\/index.php\/wp-json\/wp\/v2\/pages\/6851","targetHints":{"allow":["GET"]}}],"collection":[{"href":"https:\/\/iearob.com.br\/index.php\/wp-json\/wp\/v2\/pages"}],"about":[{"href":"https:\/\/iearob.com.br\/index.php\/wp-json\/wp\/v2\/types\/page"}],"author":[{"embeddable":true,"href":"https:\/\/iearob.com.br\/index.php\/wp-json\/wp\/v2\/users\/2"}],"replies":[{"embeddable":true,"href":"https:\/\/iearob.com.br\/index.php\/wp-json\/wp\/v2\/comments?post=6851"}],"version-history":[{"count":12,"href":"https:\/\/iearob.com.br\/index.php\/wp-json\/wp\/v2\/pages\/6851\/revisions"}],"predecessor-version":[{"id":7209,"href":"https:\/\/iearob.com.br\/index.php\/wp-json\/wp\/v2\/pages\/6851\/revisions\/7209"}],"wp:attachment":[{"href":"https:\/\/iearob.com.br\/index.php\/wp-json\/wp\/v2\/media?parent=6851"}],"curies":[{"name":"wp","href":"https:\/\/api.w.org\/{rel}","templated":true}]}}